{"id":45,"date":"2026-03-14T10:31:05","date_gmt":"2026-03-14T09:31:05","guid":{"rendered":"https:\/\/jrmstores.fr\/?page_id=45"},"modified":"2026-03-15T09:16:03","modified_gmt":"2026-03-15T08:16:03","slug":"accueil","status":"publish","type":"page","link":"https:\/\/www.jrmstores.fr\/","title":{"rendered":"Stores, volets roulants, fermetures et motorisations dans les Alpes-Maritimes"},"content":{"rendered":"<div class=\"wp-block-image\">\n<figure class=\"aligncenter size-large is-resized\"><img loading=\"lazy\" decoding=\"async\" width=\"1024\" height=\"683\" src=\"http:\/\/jrmstores.fr\/wp-content\/uploads\/2026\/03\/5D3FEE8F-3B4B-4FF4-8740-C90FCE60A02B-1024x683.png\" alt=\"\" class=\"wp-image-73\" style=\"aspect-ratio:1.4992914933491794;width:756px;height:auto\" srcset=\"https:\/\/www.jrmstores.fr\/wp-content\/uploads\/2026\/03\/5D3FEE8F-3B4B-4FF4-8740-C90FCE60A02B-1024x683.png 1024w, https:\/\/www.jrmstores.fr\/wp-content\/uploads\/2026\/03\/5D3FEE8F-3B4B-4FF4-8740-C90FCE60A02B-300x200.png 300w, https:\/\/www.jrmstores.fr\/wp-content\/uploads\/2026\/03\/5D3FEE8F-3B4B-4FF4-8740-C90FCE60A02B-768x512.png 768w, https:\/\/www.jrmstores.fr\/wp-content\/uploads\/2026\/03\/5D3FEE8F-3B4B-4FF4-8740-C90FCE60A02B.png 1536w\" sizes=\"auto, (max-width: 1024px) 100vw, 1024px\" \/><\/figure>\n<\/div>\n\n\n<p><\/p>\n\n\n\n<p><strong>JRM Stores<\/strong>&nbsp;vous accompagne dans vos projets <strong>d\u2019installation, de r\u00e9novation et de d\u00e9pannage de&nbsp;stores bannes, volets roulants, fermetures et motorisations<\/strong> dans les <strong>Alpes-Maritimes<\/strong>, notamment \u00e0 <strong>Cannes \/ Antibes Juan-les-Pins \/ Mougins \/ Villeneuve-Loubet \/ Cagnes-sur-Mer<\/strong>.<\/p>\n\n\n\n<p>Attach\u00e9s au travail bien fait, nous mettons un point d\u2019honneur \u00e0 proposer des prestations soign\u00e9es, des <strong>conseils adapt\u00e9s<\/strong> et un <strong>accompagnement s\u00e9rieux<\/strong> \u00e0 chaque \u00e9tape de votre projet.<\/p>\n\n\n\n<p>De l\u2019\u00e9tude de vos besoins jusqu\u2019\u00e0 <strong>la r\u00e9alisation finale<\/strong>, nous privil\u00e9gions une approche simple, r\u00e9active et personnalis\u00e9e, afin de vous offrir des solutions fiables, durables et <strong>adapt\u00e9es \u00e0 votre budget<\/strong>.<\/p>\n\n\n\n<p>Qu\u2019il s\u2019agisse d\u2019une <strong>pose neuve, d\u2019une r\u00e9paration, d\u2019une modernisation ou d\u2019un service apr\u00e8s-vente<\/strong>, chaque intervention est r\u00e9alis\u00e9e avec la m\u00eame exigence de <strong>qualit\u00e9, de pr\u00e9cision et de finition<\/strong>.<\/p>\n\n\n\n<p>Avec&nbsp;<strong>JRM Stores<\/strong>, vous faites le choix d\u2019un professionnel de proximit\u00e9, \u00e0 l\u2019\u00e9coute, impliqu\u00e9 et <strong>soucieux de votre satisfaction<\/strong>.<\/p>\n\n\n\n<p><\/p>\n","protected":false},"excerpt":{"rendered":"<p>JRM Stores&nbsp;vous accompagne dans vos projets d\u2019installation, de r\u00e9novation et de d\u00e9pannage de&nbsp;stores bannes, volets roulants, fermetures et motorisations dans les Alpes-Maritimes, notamment \u00e0 Cannes \/ Antibes Juan-les-Pins \/ Mougins \/ Villeneuve-Loubet \/ Cagnes-sur-Mer. Attach\u00e9s au travail bien fait, nous mettons un point d\u2019honneur \u00e0 proposer des prestations soign\u00e9es, des conseils adapt\u00e9s et un accompagnement &#8230; <a title=\"Stores, volets roulants, fermetures et motorisations dans les Alpes-Maritimes\" class=\"read-more\" href=\"https:\/\/www.jrmstores.fr\/\" aria-label=\"En savoir plus sur Stores, volets roulants, fermetures et motorisations dans les Alpes-Maritimes\">Lire la suite<\/a><\/p>\n","protected":false},"author":1,"featured_media":0,"parent":0,"menu_order":0,"comment_status":"closed","ping_status":"closed","template":"","meta":{"footnotes":""},"class_list":["post-45","page","type-page","status-publish"],"yoast_head":"<!-- This site is optimized with the Yoast SEO plugin v27.2 - https:\/\/yoast.com\/product\/yoast-seo-wordpress\/ -->\n<title>Stores, volets roulants, fermetures et motorisations dans les Alpes-Maritimes - Conseils \/ Installations \/ D\u00e9pannages<\/title>\n<meta name=\"robots\" content=\"index, follow, max-snippet:-1, max-image-preview:large, max-video-preview:-1\" \/>\n<link rel=\"canonical\" href=\"https:\/\/www.jrmstores.fr\/\" \/>\n<meta property=\"og:locale\" content=\"fr_FR\" \/>\n<meta property=\"og:type\" content=\"article\" \/>\n<meta property=\"og:title\" content=\"Stores, volets roulants, fermetures et motorisations dans les Alpes-Maritimes - Conseils \/ Installations \/ D\u00e9pannages\" \/>\n<meta property=\"og:description\" content=\"JRM Stores&nbsp;vous accompagne dans vos projets d\u2019installation, de r\u00e9novation et de d\u00e9pannage de&nbsp;stores bannes, volets roulants, fermetures et motorisations dans les Alpes-Maritimes, notamment \u00e0 Cannes \/ Antibes Juan-les-Pins \/ Mougins \/ Villeneuve-Loubet \/ Cagnes-sur-Mer. Attach\u00e9s au travail bien fait, nous mettons un point d\u2019honneur \u00e0 proposer des prestations soign\u00e9es, des conseils adapt\u00e9s et un accompagnement ... Lire la suite\" \/>\n<meta property=\"og:url\" content=\"https:\/\/www.jrmstores.fr\/\" \/>\n<meta property=\"og:site_name\" content=\"Conseils \/ Installations \/ D\u00e9pannages\" \/>\n<meta property=\"article:modified_time\" content=\"2026-03-15T08:16:03+00:00\" \/>\n<meta property=\"og:image\" content=\"https:\/\/www.jrmstores.fr\/wp-content\/uploads\/2026\/03\/5D3FEE8F-3B4B-4FF4-8740-C90FCE60A02B-1024x683.png\" \/>\n\t<meta property=\"og:image:width\" content=\"1024\" \/>\n\t<meta property=\"og:image:height\" content=\"683\" \/>\n\t<meta property=\"og:image:type\" content=\"image\/png\" \/>\n<meta name=\"twitter:card\" content=\"summary_large_image\" \/>\n<meta name=\"twitter:label1\" content=\"Dur\u00e9e de lecture estim\u00e9e\" \/>\n\t<meta name=\"twitter:data1\" content=\"1 minute\" \/>\n<script type=\"application\/ld+json\" class=\"yoast-schema-graph\">{\"@context\":\"https:\/\/schema.org\",\"@graph\":[{\"@type\":\"WebPage\",\"@id\":\"https:\/\/www.jrmstores.fr\/\",\"url\":\"https:\/\/www.jrmstores.fr\/\",\"name\":\"Stores, volets roulants, fermetures et motorisations dans les Alpes-Maritimes - Conseils \/ Installations \/ D\u00e9pannages\",\"isPartOf\":{\"@id\":\"https:\/\/www.jrmstores.fr\/#website\"},\"primaryImageOfPage\":{\"@id\":\"https:\/\/www.jrmstores.fr\/#primaryimage\"},\"image\":{\"@id\":\"https:\/\/www.jrmstores.fr\/#primaryimage\"},\"thumbnailUrl\":\"http:\/\/jrmstores.fr\/wp-content\/uploads\/2026\/03\/5D3FEE8F-3B4B-4FF4-8740-C90FCE60A02B-1024x683.png\",\"datePublished\":\"2026-03-14T09:31:05+00:00\",\"dateModified\":\"2026-03-15T08:16:03+00:00\",\"breadcrumb\":{\"@id\":\"https:\/\/www.jrmstores.fr\/#breadcrumb\"},\"inLanguage\":\"fr-FR\",\"potentialAction\":[{\"@type\":\"ReadAction\",\"target\":[\"https:\/\/www.jrmstores.fr\/\"]}]},{\"@type\":\"ImageObject\",\"inLanguage\":\"fr-FR\",\"@id\":\"https:\/\/www.jrmstores.fr\/#primaryimage\",\"url\":\"http:\/\/jrmstores.fr\/wp-content\/uploads\/2026\/03\/5D3FEE8F-3B4B-4FF4-8740-C90FCE60A02B-1024x683.png\",\"contentUrl\":\"http:\/\/jrmstores.fr\/wp-content\/uploads\/2026\/03\/5D3FEE8F-3B4B-4FF4-8740-C90FCE60A02B-1024x683.png\"},{\"@type\":\"BreadcrumbList\",\"@id\":\"https:\/\/www.jrmstores.fr\/#breadcrumb\",\"itemListElement\":[{\"@type\":\"ListItem\",\"position\":1,\"name\":\"Accueil\",\"item\":\"https:\/\/www.jrmstores.fr\/\"},{\"@type\":\"ListItem\",\"position\":2,\"name\":\"Stores, volets roulants, fermetures et motorisations dans les Alpes-Maritimes\"}]},{\"@type\":\"WebSite\",\"@id\":\"https:\/\/www.jrmstores.fr\/#website\",\"url\":\"https:\/\/www.jrmstores.fr\/\",\"name\":\"Conseils \/ Installations \/ D\u00e9pannages - Fermeture & Protection Solaire\",\"description\":\"Fermeture - Protection solaire - Automatisme\",\"publisher\":{\"@id\":\"https:\/\/www.jrmstores.fr\/#organization\"},\"potentialAction\":[{\"@type\":\"SearchAction\",\"target\":{\"@type\":\"EntryPoint\",\"urlTemplate\":\"https:\/\/www.jrmstores.fr\/?s={search_term_string}\"},\"query-input\":{\"@type\":\"PropertyValueSpecification\",\"valueRequired\":true,\"valueName\":\"search_term_string\"}}],\"inLanguage\":\"fr-FR\"},{\"@type\":\"Organization\",\"@id\":\"https:\/\/www.jrmstores.fr\/#organization\",\"name\":\"JRM Stores\",\"url\":\"https:\/\/www.jrmstores.fr\/\",\"logo\":{\"@type\":\"ImageObject\",\"inLanguage\":\"fr-FR\",\"@id\":\"https:\/\/www.jrmstores.fr\/#\/schema\/logo\/image\/\",\"url\":\"https:\/\/www.jrmstores.fr\/wp-content\/uploads\/2026\/03\/cropped-cropped-logo-1.png\",\"contentUrl\":\"https:\/\/www.jrmstores.fr\/wp-content\/uploads\/2026\/03\/cropped-cropped-logo-1.png\",\"width\":512,\"height\":279,\"caption\":\"JRM Stores\"},\"image\":{\"@id\":\"https:\/\/www.jrmstores.fr\/#\/schema\/logo\/image\/\"}}]}<\/script>\n<!-- \/ Yoast SEO plugin. -->","yoast_head_json":{"title":"Stores, volets roulants, fermetures et motorisations dans les Alpes-Maritimes - Conseils \/ Installations \/ D\u00e9pannages","robots":{"index":"index","follow":"follow","max-snippet":"max-snippet:-1","max-image-preview":"max-image-preview:large","max-video-preview":"max-video-preview:-1"},"canonical":"https:\/\/www.jrmstores.fr\/","og_locale":"fr_FR","og_type":"article","og_title":"Stores, volets roulants, fermetures et motorisations dans les Alpes-Maritimes - Conseils \/ Installations \/ D\u00e9pannages","og_description":"JRM Stores&nbsp;vous accompagne dans vos projets d\u2019installation, de r\u00e9novation et de d\u00e9pannage de&nbsp;stores bannes, volets roulants, fermetures et motorisations dans les Alpes-Maritimes, notamment \u00e0 Cannes \/ Antibes Juan-les-Pins \/ Mougins \/ Villeneuve-Loubet \/ Cagnes-sur-Mer. Attach\u00e9s au travail bien fait, nous mettons un point d\u2019honneur \u00e0 proposer des prestations soign\u00e9es, des conseils adapt\u00e9s et un accompagnement ... Lire la suite","og_url":"https:\/\/www.jrmstores.fr\/","og_site_name":"Conseils \/ Installations \/ D\u00e9pannages","article_modified_time":"2026-03-15T08:16:03+00:00","og_image":[{"width":1024,"height":683,"url":"https:\/\/www.jrmstores.fr\/wp-content\/uploads\/2026\/03\/5D3FEE8F-3B4B-4FF4-8740-C90FCE60A02B-1024x683.png","type":"image\/png"}],"twitter_card":"summary_large_image","twitter_misc":{"Dur\u00e9e de lecture estim\u00e9e":"1 minute"},"schema":{"@context":"https:\/\/schema.org","@graph":[{"@type":"WebPage","@id":"https:\/\/www.jrmstores.fr\/","url":"https:\/\/www.jrmstores.fr\/","name":"Stores, volets roulants, fermetures et motorisations dans les Alpes-Maritimes - Conseils \/ Installations \/ D\u00e9pannages","isPartOf":{"@id":"https:\/\/www.jrmstores.fr\/#website"},"primaryImageOfPage":{"@id":"https:\/\/www.jrmstores.fr\/#primaryimage"},"image":{"@id":"https:\/\/www.jrmstores.fr\/#primaryimage"},"thumbnailUrl":"http:\/\/jrmstores.fr\/wp-content\/uploads\/2026\/03\/5D3FEE8F-3B4B-4FF4-8740-C90FCE60A02B-1024x683.png","datePublished":"2026-03-14T09:31:05+00:00","dateModified":"2026-03-15T08:16:03+00:00","breadcrumb":{"@id":"https:\/\/www.jrmstores.fr\/#breadcrumb"},"inLanguage":"fr-FR","potentialAction":[{"@type":"ReadAction","target":["https:\/\/www.jrmstores.fr\/"]}]},{"@type":"ImageObject","inLanguage":"fr-FR","@id":"https:\/\/www.jrmstores.fr\/#primaryimage","url":"http:\/\/jrmstores.fr\/wp-content\/uploads\/2026\/03\/5D3FEE8F-3B4B-4FF4-8740-C90FCE60A02B-1024x683.png","contentUrl":"http:\/\/jrmstores.fr\/wp-content\/uploads\/2026\/03\/5D3FEE8F-3B4B-4FF4-8740-C90FCE60A02B-1024x683.png"},{"@type":"BreadcrumbList","@id":"https:\/\/www.jrmstores.fr\/#breadcrumb","itemListElement":[{"@type":"ListItem","position":1,"name":"Accueil","item":"https:\/\/www.jrmstores.fr\/"},{"@type":"ListItem","position":2,"name":"Stores, volets roulants, fermetures et motorisations dans les Alpes-Maritimes"}]},{"@type":"WebSite","@id":"https:\/\/www.jrmstores.fr\/#website","url":"https:\/\/www.jrmstores.fr\/","name":"Conseils \/ Installations \/ D\u00e9pannages - Fermeture & Protection Solaire","description":"Fermeture - Protection solaire - Automatisme","publisher":{"@id":"https:\/\/www.jrmstores.fr\/#organization"},"potentialAction":[{"@type":"SearchAction","target":{"@type":"EntryPoint","urlTemplate":"https:\/\/www.jrmstores.fr\/?s={search_term_string}"},"query-input":{"@type":"PropertyValueSpecification","valueRequired":true,"valueName":"search_term_string"}}],"inLanguage":"fr-FR"},{"@type":"Organization","@id":"https:\/\/www.jrmstores.fr\/#organization","name":"JRM Stores","url":"https:\/\/www.jrmstores.fr\/","logo":{"@type":"ImageObject","inLanguage":"fr-FR","@id":"https:\/\/www.jrmstores.fr\/#\/schema\/logo\/image\/","url":"https:\/\/www.jrmstores.fr\/wp-content\/uploads\/2026\/03\/cropped-cropped-logo-1.png","contentUrl":"https:\/\/www.jrmstores.fr\/wp-content\/uploads\/2026\/03\/cropped-cropped-logo-1.png","width":512,"height":279,"caption":"JRM Stores"},"image":{"@id":"https:\/\/www.jrmstores.fr\/#\/schema\/logo\/image\/"}}]}},"_links":{"self":[{"href":"https:\/\/www.jrmstores.fr\/index.php\/wp-json\/wp\/v2\/pages\/45","targetHints":{"allow":["GET"]}}],"collection":[{"href":"https:\/\/www.jrmstores.fr\/index.php\/wp-json\/wp\/v2\/pages"}],"about":[{"href":"https:\/\/www.jrmstores.fr\/index.php\/wp-json\/wp\/v2\/types\/page"}],"author":[{"embeddable":true,"href":"https:\/\/www.jrmstores.fr\/index.php\/wp-json\/wp\/v2\/users\/1"}],"replies":[{"embeddable":true,"href":"https:\/\/www.jrmstores.fr\/index.php\/wp-json\/wp\/v2\/comments?post=45"}],"version-history":[{"count":12,"href":"https:\/\/www.jrmstores.fr\/index.php\/wp-json\/wp\/v2\/pages\/45\/revisions"}],"predecessor-version":[{"id":102,"href":"https:\/\/www.jrmstores.fr\/index.php\/wp-json\/wp\/v2\/pages\/45\/revisions\/102"}],"wp:attachment":[{"href":"https:\/\/www.jrmstores.fr\/index.php\/wp-json\/wp\/v2\/media?parent=45"}],"curies":[{"name":"wp","href":"https:\/\/api.w.org\/{rel}","templated":true}]}}